{"id":31,"date":"2020-09-04T07:34:35","date_gmt":"2020-09-04T07:34:35","guid":{"rendered":"https:\/\/test.khg-aachen.de\/?page_id=31"},"modified":"2020-10-29T14:11:35","modified_gmt":"2020-10-29T13:11:35","slug":"mitgestalten-leiten","status":"publish","type":"page","link":"https:\/\/test.khg-aachen.de\/index.php\/startseite\/mitgestalten-leiten\/","title":{"rendered":"Mitgestalten &#038; Leiten"},"content":{"rendered":"\n\n<p>der KHG gestaltet und verantwortet die inhaltliche Arbeit der KHG.<\/p>\n\n\n\n\n<div class=\"wp-block-group alignwide\"><div class=\"wp-block-group__inner-container\">\n<figure class=\"wp-block-gallery alignfull columns-4 is-cropped\"><ul class=\"blocks-gallery-grid\"><li class=\"blocks-gallery-item\"><figure><img loading=\"lazy\" width=\"400\" height=\"300\" src=\"https:\/\/test.khg-aachen.de\/wp-content\/uploads\/2020\/10\/Agustin.jpg\" alt=\"\" data-id=\"2375\" data-full-url=\"https:\/\/test.khg-aachen.de\/wp-content\/uploads\/2020\/10\/Agustin.jpg\" data-link=\"https:\/\/test.khg-aachen.de\/index.php\/startseite\/mitgestalten-leiten\/agustin-2\/\" class=\"wp-image-2375\" srcset=\"https:\/\/test.khg-aachen.de\/wp-content\/uploads\/2020\/10\/Agustin.jpg 400w, https:\/\/test.khg-aachen.de\/wp-content\/uploads\/2020\/10\/Agustin-300x225.jpg 300w, https:\/\/test.khg-aachen.de\/wp-content\/uploads\/2020\/10\/Agustin-24x18.jpg 24w, https:\/\/test.khg-aachen.de\/wp-content\/uploads\/2020\/10\/Agustin-36x27.jpg 36w, https:\/\/test.khg-aachen.de\/wp-content\/uploads\/2020\/10\/Agustin-48x36.jpg 48w\" sizes=\"(max-width: 400px) 100vw, 400px\" \/><figcaption class=\"blocks-gallery-item__caption\">Agustin<\/figcaption><\/figure><\/li><li class=\"blocks-gallery-item\"><figure><img loading=\"lazy\" width=\"606\" height=\"420\" src=\"https:\/\/test.khg-aachen.de\/wp-content\/uploads\/2020\/10\/Fabian.jpg\" alt=\"\" data-id=\"2865\" data-full-url=\"https:\/\/test.khg-aachen.de\/wp-content\/uploads\/2020\/10\/Fabian.jpg\" data-link=\"https:\/\/test.khg-aachen.de\/index.php\/startseite\/mitgestalten-leiten\/fabian\/\" class=\"wp-image-2865\" srcset=\"https:\/\/test.khg-aachen.de\/wp-content\/uploads\/2020\/10\/Fabian.jpg 606w, https:\/\/test.khg-aachen.de\/wp-content\/uploads\/2020\/10\/Fabian-300x208.jpg 300w, https:\/\/test.khg-aachen.de\/wp-content\/uploads\/2020\/10\/Fabian-534x370.jpg 534w, https:\/\/test.khg-aachen.de\/wp-content\/uploads\/2020\/10\/Fabian-404x280.jpg 404w\" sizes=\"(max-width: 606px) 100vw, 606px\" \/><figcaption class=\"blocks-gallery-item__caption\">Fabian<\/figcaption><\/figure><\/li><li class=\"blocks-gallery-item\"><figure><img loading=\"lazy\" width=\"606\" height=\"420\" src=\"https:\/\/test.khg-aachen.de\/wp-content\/uploads\/2020\/10\/Jonas.jpg\" alt=\"\" data-id=\"2867\" data-full-url=\"https:\/\/test.khg-aachen.de\/wp-content\/uploads\/2020\/10\/Jonas.jpg\" data-link=\"https:\/\/test.khg-aachen.de\/index.php\/startseite\/mitgestalten-leiten\/jonas\/\" class=\"wp-image-2867\" srcset=\"https:\/\/test.khg-aachen.de\/wp-content\/uploads\/2020\/10\/Jonas.jpg 606w, https:\/\/test.khg-aachen.de\/wp-content\/uploads\/2020\/10\/Jonas-300x208.jpg 300w, https:\/\/test.khg-aachen.de\/wp-content\/uploads\/2020\/10\/Jonas-534x370.jpg 534w, https:\/\/test.khg-aachen.de\/wp-content\/uploads\/2020\/10\/Jonas-404x280.jpg 404w\" sizes=\"(max-width: 606px) 100vw, 606px\" \/><figcaption class=\"blocks-gallery-item__caption\">Jonas<\/figcaption><\/figure><\/li><li class=\"blocks-gallery-item\"><figure><img loading=\"lazy\" width=\"400\" height=\"300\" src=\"https:\/\/test.khg-aachen.de\/wp-content\/uploads\/2020\/10\/Guido.jpg\" alt=\"\" data-id=\"2376\" data-full-url=\"https:\/\/test.khg-aachen.de\/wp-content\/uploads\/2020\/10\/Guido.jpg\" data-link=\"https:\/\/test.khg-aachen.de\/index.php\/startseite\/mitgestalten-leiten\/guido\/\" class=\"wp-image-2376\" srcset=\"https:\/\/test.khg-aachen.de\/wp-content\/uploads\/2020\/10\/Guido.jpg 400w, https:\/\/test.khg-aachen.de\/wp-content\/uploads\/2020\/10\/Guido-300x225.jpg 300w, https:\/\/test.khg-aachen.de\/wp-content\/uploads\/2020\/10\/Guido-24x18.jpg 24w, https:\/\/test.khg-aachen.de\/wp-content\/uploads\/2020\/10\/Guido-36x27.jpg 36w, https:\/\/test.khg-aachen.de\/wp-content\/uploads\/2020\/10\/Guido-48x36.jpg 48w\" sizes=\"(max-width: 400px) 100vw, 400px\" \/><figcaption class=\"blocks-gallery-item__caption\">Guido<\/figcaption><\/figure><\/li><li class=\"blocks-gallery-item\"><figure><img loading=\"lazy\" width=\"400\" height=\"300\" src=\"https:\/\/test.khg-aachen.de\/wp-content\/uploads\/2020\/10\/Linda.jpg\" alt=\"\" data-id=\"2378\" data-full-url=\"https:\/\/test.khg-aachen.de\/wp-content\/uploads\/2020\/10\/Linda.jpg\" data-link=\"https:\/\/test.khg-aachen.de\/index.php\/startseite\/mitgestalten-leiten\/linda-2\/\" class=\"wp-image-2378\" srcset=\"https:\/\/test.khg-aachen.de\/wp-content\/uploads\/2020\/10\/Linda.jpg 400w, https:\/\/test.khg-aachen.de\/wp-content\/uploads\/2020\/10\/Linda-300x225.jpg 300w, https:\/\/test.khg-aachen.de\/wp-content\/uploads\/2020\/10\/Linda-24x18.jpg 24w, https:\/\/test.khg-aachen.de\/wp-content\/uploads\/2020\/10\/Linda-36x27.jpg 36w, https:\/\/test.khg-aachen.de\/wp-content\/uploads\/2020\/10\/Linda-48x36.jpg 48w\" sizes=\"(max-width: 400px) 100vw, 400px\" \/><figcaption class=\"blocks-gallery-item__caption\">Linda<\/figcaption><\/figure><\/li><li class=\"blocks-gallery-item\"><figure><img loading=\"lazy\" width=\"400\" height=\"300\" src=\"https:\/\/test.khg-aachen.de\/wp-content\/uploads\/2020\/10\/Marius.jpg\" alt=\"\" data-id=\"2379\" data-full-url=\"https:\/\/test.khg-aachen.de\/wp-content\/uploads\/2020\/10\/Marius.jpg\" data-link=\"https:\/\/test.khg-aachen.de\/index.php\/startseite\/mitgestalten-leiten\/marius-2\/\" class=\"wp-image-2379\" srcset=\"https:\/\/test.khg-aachen.de\/wp-content\/uploads\/2020\/10\/Marius.jpg 400w, https:\/\/test.khg-aachen.de\/wp-content\/uploads\/2020\/10\/Marius-300x225.jpg 300w, https:\/\/test.khg-aachen.de\/wp-content\/uploads\/2020\/10\/Marius-24x18.jpg 24w, https:\/\/test.khg-aachen.de\/wp-content\/uploads\/2020\/10\/Marius-36x27.jpg 36w, https:\/\/test.khg-aachen.de\/wp-content\/uploads\/2020\/10\/Marius-48x36.jpg 48w\" sizes=\"(max-width: 400px) 100vw, 400px\" \/><figcaption class=\"blocks-gallery-item__caption\">Marius<\/figcaption><\/figure><\/li><li class=\"blocks-gallery-item\"><figure><img loading=\"lazy\" width=\"400\" height=\"300\" src=\"https:\/\/test.khg-aachen.de\/wp-content\/uploads\/2020\/10\/mf_beratung-1.jpg\" alt=\"\" data-id=\"2381\" data-full-url=\"https:\/\/test.khg-aachen.de\/wp-content\/uploads\/2020\/10\/mf_beratung-1.jpg\" data-link=\"https:\/\/test.khg-aachen.de\/index.php\/startseite\/mitgestalten-leiten\/mf_beratung-2\/\" class=\"wp-image-2381\" srcset=\"https:\/\/test.khg-aachen.de\/wp-content\/uploads\/2020\/10\/mf_beratung-1.jpg 400w, https:\/\/test.khg-aachen.de\/wp-content\/uploads\/2020\/10\/mf_beratung-1-300x225.jpg 300w, https:\/\/test.khg-aachen.de\/wp-content\/uploads\/2020\/10\/mf_beratung-1-24x18.jpg 24w, https:\/\/test.khg-aachen.de\/wp-content\/uploads\/2020\/10\/mf_beratung-1-36x27.jpg 36w, https:\/\/test.khg-aachen.de\/wp-content\/uploads\/2020\/10\/mf_beratung-1-48x36.jpg 48w\" sizes=\"(max-width: 400px) 100vw, 400px\" \/><figcaption class=\"blocks-gallery-item__caption\">Matthias<\/figcaption><\/figure><\/li><li class=\"blocks-gallery-item\"><figure><img loading=\"lazy\" width=\"400\" height=\"300\" src=\"https:\/\/test.khg-aachen.de\/wp-content\/uploads\/2020\/10\/Sonja.jpg\" alt=\"\" data-id=\"2382\" data-full-url=\"https:\/\/test.khg-aachen.de\/wp-content\/uploads\/2020\/10\/Sonja.jpg\" data-link=\"https:\/\/test.khg-aachen.de\/index.php\/startseite\/mitgestalten-leiten\/sonja-2\/\" class=\"wp-image-2382\" srcset=\"https:\/\/test.khg-aachen.de\/wp-content\/uploads\/2020\/10\/Sonja.jpg 400w, https:\/\/test.khg-aachen.de\/wp-content\/uploads\/2020\/10\/Sonja-300x225.jpg 300w, https:\/\/test.khg-aachen.de\/wp-content\/uploads\/2020\/10\/Sonja-24x18.jpg 24w, https:\/\/test.khg-aachen.de\/wp-content\/uploads\/2020\/10\/Sonja-36x27.jpg 36w, https:\/\/test.khg-aachen.de\/wp-content\/uploads\/2020\/10\/Sonja-48x36.jpg 48w\" sizes=\"(max-width: 400px) 100vw, 400px\" \/><figcaption class=\"blocks-gallery-item__caption\">Sonja<\/figcaption><\/figure><\/li><\/ul><figcaption class=\"blocks-gallery-caption\">Der St\u00e4ndige Rat im WiSe 2020<\/figcaption><\/figure>\n<\/div><\/div>\n\n\n\n<ul><li>bestimmt die Richtung der KHG<\/li><li>ist Schnittstelle zu Gruppen und Initiativen<\/li><li>vertritt die Gruppen und Initiativen<\/li><li>organisiert Angebote:<\/li><\/ul>\n\n\n\n<p>-sozial und gesellschaftspolitisch mit christlichem Profil<br>-spirituell, die andere Initiativen nicht machen<\/p>\n\n\n\n<ul><li>h\u00e4lt gesellschaftliche und \u00f6kologische Themen in Erinnerung (Klimawandel, fairer Handel und Konsum, \u2026)<\/li><li>nimmt Stellung zu studierenden-relevanten Themen<\/li><li>erm\u00f6glicht Begegnung, Engagement und Gespr\u00e4ch \u00fcber das Leben und den Glauben<\/li><\/ul>\n\n\n\n<p>Er setzt sich zusammen aus:<br>Vertretern der Wohnheime, der Cusanusgruppe und den ausl\u00e4ndischen KHG- Stipendiaten, vier zu w\u00e4hlende\/ zu benennende Mitglieder, <br>die ihre Ideen und ihr Engagement in die Leitung und Entwicklung der KHG einbringen und zwei aus dem Hauptamtlichen Team delegierte Mitglieder.<br>Die Arbeit und die Angebote der KHG entwickeln sich im Gespr\u00e4ch mit den Studierenden und lebt vom Engagement vieler.<\/p>\n","protected":false},"excerpt":{"rendered":"<p>bestimmt die Richtung der KHG ist Schnittstelle zu Gruppen und Initiativen vertritt die Gruppen und Initiativen organisiert Angebote: -sozial und gesellschaftspolitisch mit christlichem Profil-spirituell, die andere Initiativen nicht machen h\u00e4lt gesellschaftliche und \u00f6kologische Themen in Erinnerung (Klimawandel, fairer Handel und Konsum, \u2026) nimmt Stellung zu studierenden-relevanten Themen erm\u00f6glicht Begegnung, Engagement und Gespr\u00e4ch \u00fcber das Leben und den Glauben Er setzt sich zusammen aus:Vertretern der Wohnheime, der Cusanusgruppe und den ausl\u00e4ndischen KHG- Stipendiaten, vier zu w\u00e4hlende\/ zu benennende Mitglieder, die ihre Ideen und ihr Engagement in die Leitung und Entwicklung der KHG einbringen und zwei aus dem Hauptamtlichen Team delegierte Mitglieder.Die Arbeit und die Angebote der KHG entwickeln sich im Gespr\u00e4ch mit den Studierenden und lebt vom Engagement vieler.<\/p>\n","protected":false},"author":1,"featured_media":2373,"parent":583,"menu_order":0,"comment_status":"closed","ping_status":"closed","template":"","meta":[],"_links":{"self":[{"href":"https:\/\/test.khg-aachen.de\/index.php\/wp-json\/wp\/v2\/pages\/31"}],"collection":[{"href":"https:\/\/test.khg-aachen.de\/index.php\/wp-json\/wp\/v2\/pages"}],"about":[{"href":"https:\/\/test.khg-aachen.de\/index.php\/wp-json\/wp\/v2\/types\/page"}],"author":[{"embeddable":true,"href":"https:\/\/test.khg-aachen.de\/index.php\/wp-json\/wp\/v2\/users\/1"}],"replies":[{"embeddable":true,"href":"https:\/\/test.khg-aachen.de\/index.php\/wp-json\/wp\/v2\/comments?post=31"}],"version-history":[{"count":18,"href":"https:\/\/test.khg-aachen.de\/index.php\/wp-json\/wp\/v2\/pages\/31\/revisions"}],"predecessor-version":[{"id":2980,"href":"https:\/\/test.khg-aachen.de\/index.php\/wp-json\/wp\/v2\/pages\/31\/revisions\/2980"}],"up":[{"embeddable":true,"href":"https:\/\/test.khg-aachen.de\/index.php\/wp-json\/wp\/v2\/pages\/583"}],"wp:featuredmedia":[{"embeddable":true,"href":"https:\/\/test.khg-aachen.de\/index.php\/wp-json\/wp\/v2\/media\/2373"}],"wp:attachment":[{"href":"https:\/\/test.khg-aachen.de\/index.php\/wp-json\/wp\/v2\/media?parent=31"}],"curies":[{"name":"wp","href":"https:\/\/api.w.org\/{rel}","templated":true}]}}