{"id":2755,"date":"2020-10-16T13:48:05","date_gmt":"2020-10-16T12:48:05","guid":{"rendered":"https:\/\/test.khg-aachen.de\/?page_id=2755"},"modified":"2020-10-29T13:44:33","modified_gmt":"2020-10-29T12:44:33","slug":"gespraechskreise-foren","status":"publish","type":"page","link":"https:\/\/test.khg-aachen.de\/index.php\/startseite\/angebote\/gespraechskreise-foren\/","title":{"rendered":"Gespr\u00e4chskreise &#038; Foren"},"content":{"rendered":"\n\n\n<p>Das Interkulturelle Forum ist ein offener Kreis der KHG, in dem Veranstaltungen von und mit internationalen Studierenden angeboten werden. Diese Veranstaltungen machen wir ca. zwei Wochen vor den jeweiligen Abendterminen \u00fcber unsere Homepage und unsere Social Media bekannt.<br>Unsere n\u00e4chsten Veranstaltungen werden wir  wegen der Corona Pandemie hybrid anbieten, das hei\u00dft mit wenigen Leuten im Saal der KHG nach vorheriger Anmeldung sowie \u00fcber Zoom. Hierzu k\u00f6nnt Ihr Euch gerne digital zuschalten oder \u2013 soweit Ihr Euch angemeldet habt \u2013 pers\u00f6nlich hier vor Ort teilnehmen!<\/p>\n\n\n\n<p><strong>Aktuelles:<\/strong><\/p>\n\n\n\n<p>Unsere n\u00e4chste Veranstaltung findet <br>am <strong>Donnerstag, dem<\/strong> <strong>26. November ab 19 Uhr<\/strong> <br>in Kooperation mit den \u201e<strong>Studierenden ohne Grenzen\u201c<\/strong> statt.<br>N\u00e4heres zum Thema des Abends teilen wir Euch in den kommenden Wochen mit. Das Themenfeld ist der \u201e<strong>Postkolonialismus<\/strong>\u201c.<br>Die \u00fcbern\u00e4chste und letzte Veranstaltung dieses Semesters bereiten einige internationale Studierende derzeit zum Thema \u201e<strong>Typical German<\/strong>\u201c vor. Sie wird am <strong>Donnerstag, dem 10.Dezember ab 20 Uhr<\/strong> wenn m\u00f6glich in unserem Saal viele lustige und ernste Allt\u00e4glichkeiten und Besonderheiten zum Leben in Deutschland erlebbar machen.<\/p>\n\n\n\n\n\n<p><strong>\u201eUnd was glaubst Du?\u201c<\/strong><\/p>\n\n\n\n<p>Diese im vergangenen Wintersemester gestartete Gespr\u00e4chs-Reihe ist noch in Planung zusammen mit <strong>ESG<\/strong> und <strong>IMSU<\/strong><\/p>\n\n\n\n\n\n<p>Getting into conversation with other students with the bible in your hand?<br>How do I understand different passages of the bible? How do you understand those?<br>Getting to know the bible in a different language!<br>In charge: Irmgard Icking<\/p>\n\n\n\n<p><strong>Thursday&nbsp; at 7.00 pm<\/strong><\/p>\n\n\n\n<p><strong>Pontstrasse 72a (Nebeneingang Raum der Stille)<\/strong><\/p>\n\n\n\n<p>Kontakt f\u00fcr Interessierte\/ contact in case of interest:<br><a href=\"mailto:mf@khg-aachen.de\">mf@khg-aachen.de<\/a> (KHG)<br><a href=\"mailto:swantje.eibach-danzeglocke@ekir.de\">swantje.eibach-danzeglocke@ekir.de<\/a> (ESG)<\/p>\n\n\n\n\n\n<p>&#8211; die virtuelle Kaffee-\/Teepause in deiner KHG@home<\/p>\n\n\n\n<p>Brauchst Du auch eine Pause vom eLearning?<br>M\u00f6chtest Du mit anderen mal \u00fcber was anderes als &#8230; quatschen?<br>Fehlen Dir die bekannten Gesichter?<br>Und was macht eigentlich &#8230;?<\/p>\n\n\n\n<p>Deine Pausenzeit immer donnerstags 14.30-15.30 Uhr mit KHG-ZOOM<\/p>\n\n\n\n<p>Komm einfach rein! &#8211; Einwahl auf Facebook, Instagram Bio und <a href=\"http:\/\/www.khg-aachen.de\">www.khg-aachen.de<\/a><\/p>\n\n\n\n<p><a href=\"https:\/\/us02web.zoom.us\/j\/81064358528\">https:\/\/us02web.zoom.us\/j\/81064358528<\/a><\/p>\n\n\n\n\n\n<p>f\u00fcr Studierende<\/p>\n\n\n\n<p><\/p>\n\n\n\n<p>Im Studienalltag ist meistens wenig Raum f\u00fcr Trauer nach dem Tod eines nahen Menschen aus Familie oder Freundeskreis. Corona, virtuelles Semester, Klausuren und Praktika nehmen darauf keine R\u00fccksicht.<br>Eine gute M\u00f6glichkeit zum Austausch \u00fcber die Erfahrungen, Gef\u00fchle und eigene Gedanken ist eine Trauergruppe mit anderen Studierenden. Die Hochschulseelsorge bietet diese Gruppe mit der Pfarrerin und Seelsorgerin Bettina Donath-Kre\u00df an. Eine Religionszugeh\u00f6rigkeit spielt keine Rolle. Die Gruppe kommt mit mind. drei interessierten Studierenden zusammen und verabredet sich nach einem ersten Treffen gegebenenfalls weiter.<\/p>\n\n\n\n<p>Die neue Trauergruppe trifft sich <strong>ab dem 10.09. ab 19 Uhr in den R\u00e4umen der ESG<\/strong> (Nizzaallee 20). Die Anmeldung erfolgt \u00fcber die evangelische oder die katholische Hochschulseelsorge (Pfarrerin Swantje Eibach-Danzeglocke, ESG, <a href=\"mailto:esg-eibach@rwth-aachen.de\">esg-eibach@rwth-aachen.de<\/a> oder Pfarrer Matthias Fritz, KHG, <a href=\"mailto:mf@khg-aachen.de\">mf@khg-aachen.de<\/a><\/p>\n\n\n","protected":false},"excerpt":{"rendered":"","protected":false},"author":1,"featured_media":2969,"parent":18,"menu_order":0,"comment_status":"closed","ping_status":"closed","template":"","meta":[],"_links":{"self":[{"href":"https:\/\/test.khg-aachen.de\/index.php\/wp-json\/wp\/v2\/pages\/2755"}],"collection":[{"href":"https:\/\/test.khg-aachen.de\/index.php\/wp-json\/wp\/v2\/pages"}],"about":[{"href":"https:\/\/test.khg-aachen.de\/index.php\/wp-json\/wp\/v2\/types\/page"}],"author":[{"embeddable":true,"href":"https:\/\/test.khg-aachen.de\/index.php\/wp-json\/wp\/v2\/users\/1"}],"replies":[{"embeddable":true,"href":"https:\/\/test.khg-aachen.de\/index.php\/wp-json\/wp\/v2\/comments?post=2755"}],"version-history":[{"count":10,"href":"https:\/\/test.khg-aachen.de\/index.php\/wp-json\/wp\/v2\/pages\/2755\/revisions"}],"predecessor-version":[{"id":2925,"href":"https:\/\/test.khg-aachen.de\/index.php\/wp-json\/wp\/v2\/pages\/2755\/revisions\/2925"}],"up":[{"embeddable":true,"href":"https:\/\/test.khg-aachen.de\/index.php\/wp-json\/wp\/v2\/pages\/18"}],"wp:featuredmedia":[{"embeddable":true,"href":"https:\/\/test.khg-aachen.de\/index.php\/wp-json\/wp\/v2\/media\/2969"}],"wp:attachment":[{"href":"https:\/\/test.khg-aachen.de\/index.php\/wp-json\/wp\/v2\/media?parent=2755"}],"curies":[{"name":"wp","href":"https:\/\/api.w.org\/{rel}","templated":true}]}}