{"id":2745,"date":"2020-10-16T13:32:57","date_gmt":"2020-10-16T12:32:57","guid":{"rendered":"https:\/\/test.khg-aachen.de\/?page_id=2745"},"modified":"2020-10-30T10:53:49","modified_gmt":"2020-10-30T09:53:49","slug":"besinn-zeiten","status":"publish","type":"page","link":"https:\/\/test.khg-aachen.de\/index.php\/startseite\/angebote\/besinn-zeiten\/","title":{"rendered":"Besinn-Zeiten"},"content":{"rendered":"\n\n\n<p>10 Minuten Zeit f\u00fcr Besinnung, Meditation, Impulse (und Musik) &#8211; mitten am Tag, in der Mitte der Woche<br>Dein aktueller <strong><a href=\"http:\/\/besinnzeit.de\/unterbrechung-mittendrin\">Unterbrechungs-Impuls<\/a><\/strong><br><br>Gestaltung: GUIDO SCH\u00dcRENBERG &#8211; 4700124 &#8211; gs@khg-aachen.de<br><strong>Unterbrechung-Mittendrin<\/strong> ist Bestandteil der KHG-Projektseite <a rel=\"noreferrer noopener\" href=\"http:\/\/besinnzeit.de\" target=\"_blank\">www.besinnzeit.de<\/a><\/p>\n\n\n\n\n\n<p>Getting into conversation with other students with the bible in your hand?<br>How do I understand different passages of the bible? How do you understand those?<br>Getting to know the bible in a different language!<br>In charge: Irmgard Icking<\/p>\n\n\n\n<p><strong>Thursday&nbsp; at 7.00 pm<\/strong><br><strong>Pontstrasse 72a (Nebeneingang Raum der Stille)<\/strong><\/p>\n\n\n\n<p>Kontakt f\u00fcr Interessierte\/ contact in case of interest:<br><a href=\"mailto:mf@khg-aachen.de\">mf@khg-aachen.de<\/a> (KHG)<br><a href=\"mailto:swantje.eibach-danzeglocke@ekir.de\">swantje.eibach-danzeglocke@ekir.de<\/a> (ESG)<\/p>\n\n\n\n\n\n<p>Ein t\u00e4glicher Impuls zum Mensch sein \u2013 Mensch werden<\/p>\n\n\n\n<p>Der Advent ist eine Zeit des Wartens und der Vorbereitung auf das Fest der Geburt Jesu, auf die Mensch-Werdung des Gottes Sohnes.<br>Seit mehr als 100 Jahren gibt es in Deutschland den Brauch die Zeit des Advent mit einem Kalender zu gestalten . T\u00e4glich wurde ein Fenster ge\u00f6ffnet in dem ein Bild oder ein Spruch, sp\u00e4ter Schokolade u.\u00e4. und seit einigen Jahren t\u00e4glich eine Geschichte zu entdecken war.<br>ESG und KHG wollen diese Tradition der Vorbereitung auf das Weihnachtsfest aufgreifen, aber anders gestalten:<br>T\u00e4glich ab 1. Dez ein Text-, Bild-, Musik-Impuls aufs Smartphone zum Thema Mensch sein \u2013 Mensch werden, Besinn-Fragen und ein Segen, der durch den Tag begleitet.<br>Und jeden Montag in der Adventzeit ( 30. Nov\/ 7. Dez\/ 14. Dez\/ 21. Dez) abends zur Primetime um 20.15 Uhr Austausch in der ZOOM-Gruppe, wenn Ihr wollt.<\/p>\n\n\n\n<p>Hier gehts zur Anmeldung<\/p>\n\n\n\n<div class=\"wp-block-contact-form-7-contact-form-selector\">[contact-form-7 id=&#8220;2954&#8243; title=&#8220;Adventkalender Anders&#8220;]<\/div>\n\n\n","protected":false},"excerpt":{"rendered":"","protected":false},"author":1,"featured_media":2988,"parent":18,"menu_order":0,"comment_status":"closed","ping_status":"closed","template":"","meta":[],"_links":{"self":[{"href":"https:\/\/test.khg-aachen.de\/index.php\/wp-json\/wp\/v2\/pages\/2745"}],"collection":[{"href":"https:\/\/test.khg-aachen.de\/index.php\/wp-json\/wp\/v2\/pages"}],"about":[{"href":"https:\/\/test.khg-aachen.de\/index.php\/wp-json\/wp\/v2\/types\/page"}],"author":[{"embeddable":true,"href":"https:\/\/test.khg-aachen.de\/index.php\/wp-json\/wp\/v2\/users\/1"}],"replies":[{"embeddable":true,"href":"https:\/\/test.khg-aachen.de\/index.php\/wp-json\/wp\/v2\/comments?post=2745"}],"version-history":[{"count":9,"href":"https:\/\/test.khg-aachen.de\/index.php\/wp-json\/wp\/v2\/pages\/2745\/revisions"}],"predecessor-version":[{"id":3122,"href":"https:\/\/test.khg-aachen.de\/index.php\/wp-json\/wp\/v2\/pages\/2745\/revisions\/3122"}],"up":[{"embeddable":true,"href":"https:\/\/test.khg-aachen.de\/index.php\/wp-json\/wp\/v2\/pages\/18"}],"wp:featuredmedia":[{"embeddable":true,"href":"https:\/\/test.khg-aachen.de\/index.php\/wp-json\/wp\/v2\/media\/2988"}],"wp:attachment":[{"href":"https:\/\/test.khg-aachen.de\/index.php\/wp-json\/wp\/v2\/media?parent=2745"}],"curies":[{"name":"wp","href":"https:\/\/api.w.org\/{rel}","templated":true}]}}