{"id":2429,"date":"2020-10-09T13:46:57","date_gmt":"2020-10-09T12:46:57","guid":{"rendered":"https:\/\/test.khg-aachen.de\/?page_id=2429"},"modified":"2020-10-28T10:47:00","modified_gmt":"2020-10-28T09:47:00","slug":"choere","status":"publish","type":"page","link":"https:\/\/test.khg-aachen.de\/index.php\/startseite\/mitmachen\/choere\/","title":{"rendered":"Ch\u00f6re in der KHG"},"content":{"rendered":"\n\n\n<p>Du triffst nicht nur T\u00f6ne, sondern auch gern nette Leute? Mozart kennst du nicht nur von den gleichnamigen Kugeln?<\/p>\n\n\n\n<p>Wenn du gut und gerne singst, klassische Musik magst und einen Chor suchst, in dem neben der Musik auch ein nettes Miteinander und gemeinsame Aktivit\u00e4ten eine wichtige Rolle spielen, dann bist du bei uns genau richtig!<\/p>\n\n\n\n<p>Wer singt bei uns mit? Studierende und Berufst\u00e4tige, Medizinerinnen und Maschinenbauingenieure, 18j\u00e4hrige und 35j\u00e4hrige, Leute, die bereits seit 20 Jahren in Ch\u00f6ren singen und solche, die ihr Talent gerade erst entdeckt haben, echte \u00d6cher und Gaststudenten aus Asien \u2013 kurzum: eine bunte Mischung von circa 60 Menschen.<\/p>\n\n\n\n\n\n<p>Mitrei\u00dfend, zeitgem\u00e4\u00df, ansteckend: so l\u00e4sst sich die Musik, die der Aachener Gospelchor Sound\u2019n\u2019Soul lebt, am besten beschreiben. Die etwa 50 S\u00e4ngerinnen und S\u00e4nger \u2013 \u00fcberwiegend Studierende \u2013 geben die modernen Gospelsongs mit der Ausstrahlung und dem Ausdruck wider, der an die ber\u00fchmten afroamerikanischen Kirchen der USA erinnert. Die Chorleiter Iris L\u00fcpges (Dirigat) und Stephan Helling (Piano) arbeiten mit dem Chor nach Art traditioneller Gospelch\u00f6re: Singen ohne Noten, daf\u00fcr mit Intuition und viel Gef\u00fchl erm\u00f6glicht Freiraum f\u00fcr Bewegung und Spontaneit\u00e4t. Ein Konzert von Sound\u2019n&#8217;Soul ist ein Erlebnis f\u00fcr Jung und Alt, bei dem es niemanden lange auf den Pl\u00e4tzen h\u00e4lt.<\/p>\n\n\n\n<p><a href=\"https:\/\/www.soundnsoul.de\/\">https:\/\/www.soundnsoul.de\/<\/a><br><a href=\"https:\/\/www.instagram.com\/gospelchorsoundnsoul\/\">https:\/\/www.instagram.com\/gospelchorsoundnsoul\/<\/a><\/p>\n\n\n\n\n\n<p>Seit Oktober 2012 ist der gemischte Studierendenchor Aachen&nbsp;Hot&nbsp;Springs Teil der Katholischen&nbsp;Hochschulgemeinde&nbsp;Aachen. Wir sind ein f\u00fcr alle Aachener Studierenden und junge Menschen im Berufsleben offenes Ensemble, das gegenw\u00e4rtig aus etwa 40 S\u00e4ngerinnen und S\u00e4ngern besteht. Willkommen sind sowohl Anf\u00e4nger als auch erfahrene S\u00e4ngerinnen und S\u00e4nger. In Zusammenarbeit mit der KHG&nbsp;Aachen gestalten wir regelm\u00e4\u00dfig Gottesdienste und kleinere Konzerte. Das Repertoire konzentriert sich auf a&nbsp;cappella Popchorarrangements, teilweise werden auch St\u00fcck aus Jazz, Gospel oder Klassik gesungen. Da das soziale Miteinander ein wichtiger Bestandteil des Chores ist, treffen wir uns meistens anschlie\u00dfend in einem angrenzenden Lokal oder Kneipe.<\/p>\n\n\n\n<p>Interessiert? Dann melde dich bei uns!<br>Lasse Guericke <a href=\"mailto:lasse.guericke@live.de\">lasse.guericke@live.de<\/a><\/p>\n\n\n\n<p>Die Chorproben finden immer <strong>donnerstags von 19-21&nbsp;Uhr<\/strong> im Gro\u00dfen Saal der KHG Aachen, Pontstra\u00dfe 74-76, statt.<\/p>\n\n\n\n\n\n<p>Wir sind eine Gruppe von Studenten, ehemaligen Studenten und Nicht- Studenten aus Aachen. Gemeinsam teilen wir unsere Leidenschaft f\u00fcr den religi\u00f6sen und liturgischen Gesang.<br>Gegr\u00fcndet wurde der Chor schon 1998, dank dem Willen und der Dynamik junger Kamerunischer Studenten, mit dem Ziel einen Teil unserer afrikanischen Kultur mit unserer neuen Umgebung zu teilen. Heute besteht der Chor aus etwa 20 Mitgliedern (Frauen und M\u00e4nner), die mit viel Begeisterung und vereint durch ihre Liebe zum harmonischen Gesang jeden Sonntag (14:30 &#8211; 16:30) in der KHG proben.<br>Besuchen Sie uns doch einfach mal. Lassen Sie sich mitrei\u00dfen und verzaubern. Denn, die wahre Magie liegt in offenen Herzen.<br><br>Vorstand:<br><strong>Lionelle Penkam: 0163 &#8211; 1303537<\/strong><br><strong>Raissa Ketchami: 0176- 45762243<\/strong><br><a href=\"mailto:voix_de_harmonie@yahoo.fr\">voix_de_harmonie@yahoo.fr<\/a><br><br><\/p>\n\n\n\n\n\n<p>Das M\u00e4nnervokalensemble Aachen wurde Ende 2017 gegr\u00fcndet, innerhalb eines Jahres verdoppelte es seine Mitgliederzahl der sieben Gr\u00fcndungsmitglieder auf heute 15 S\u00e4nger zwischen 20 und 40 Jahren. Unter der Leitung von Andrea Jacobs widmet sich das junge Ensemble einem breiten Repertoire von der Klassik bis zur Moderne, \u00fcberwiegend im Bereich der Acappella-Literatur. Motiviert werden die S\u00e4nger hierbei durch den warmen Klang des romantischen M\u00e4nnerchorgesangs ebenso wie durch frische Interpretationen zeitgen\u00f6ssischer Arrangements. Besonderen Wert legt es hierbei auf einen homogenen und filigranen Klang, nicht selten verl\u00e4sst es daf\u00fcr auch die konventionelle Choraufstellung, um den Zuh\u00f6rern ein besonderes Klangerlebnis zu vermitteln.<br>Seit Juni 2019 ist das M\u00e4nnervokalensemble Aachen Mitglied im CV NRW.<\/p>\n\n\n\n<p><strong>Probe: Mittwoch, 18.00-19.45 Uhr<\/strong><\/p>\n\n\n\n<p>Homepage: <a rel=\"noreferrer noopener\" href=\"http:\/\/www.mve-aachen.de\" target=\"_blank\">www.mve-aachen.de<\/a><br>Kontakt: <a href=\"mailto:andrea@mve-aachen.de\">andrea@mve-aachen.de<\/a><\/p>\n\n\n\n\n\n<p>Das Ensemble gr\u00fcndete sich im Herbst 2006 in Aachen und ist seither aktiver Teil der st\u00e4dtischen Chorszene. Bei zahlreichen regionalen und \u00fcberregionalen Auftritten gelingt es dem Ensemble, ein breites Publikum zu begeistern.<\/p>\n\n\n\n<p>Ihre Leidenschaft und Lebensfreude zeigen sich sowohl in der Gospelmusik als auch im A-cappella-Gesang. Die Gospels werden begleitet von der Band oneSound. Einige St\u00fccke wurden von Mitgliedern selbst arrangiert.<\/p>\n\n\n\n<p>Au\u00dfergew\u00f6hnlich ist der Verzicht der Formation auf eine musikalische Leitung. Jedes Mitglied bringt seine unterschiedlichen F\u00e4higkeiten und Erfahrungen in die regelm\u00e4\u00dfige Probenarbeit mit ein.<\/p>\n\n\n\n<p>Das Ensemble besteht aus einer festen Mitgliederzahl und probt <strong>jeden Mittwoch um 20-22 Uhr in der KHG.<\/strong><\/p>\n\n\n\n<p><strong>Gospel und A cappella?<\/strong><\/p>\n\n\n\n<p>einKlang singt&nbsp; zeitgen\u00f6ssische Gospelmusik, die sich&nbsp; nicht an eine bestimmte Stilrichtung h\u00e4lt. Sie reicht von anr\u00fchrenden Balladen \u00fcber mitrei\u00dfende Rocksongs bis hin zu allen Facetten der Popmusik. Das Publikum ist eingeladen, sich von den energiegeladenen Sounds mitrei\u00dfen zu lassen. Mitklatschen und -tanzen ausdr\u00fccklich erw\u00fcnscht!<\/p>\n\n\n\n<p>Zum Repertoire des Ensembles geh\u00f6ren auch A cappella Cover-Versionen bekannter A-cappella-Gruppen sowie eigene Bearbeitungen. Die Mehrstimmigkeit reicht von vier- bis achtstimmigen S\u00e4tzen und wird durch zahlreiche Soloparts erg\u00e4nzt. Durch stimmige Choreographien zeigt sich das Ensemble nicht nur akustisch, sondern auch optisch abwechslungsreich.<\/p>\n\n\n\n<p>Kontakt: Florian Briechle &#8211; <a href=\"mailto:f.briechle@web.de\">f.briechle@web.de<\/a><\/p>\n\n\n\n\n\n<p>Gegr\u00fcndet als Studentischer Chor singen die Tempelsingers seit 1976 in der KHG. Schwerpunkt des musikalischen Engagements ist die Interpretation von Gospels und Spirituals zur musikalischen Gestaltung von Gottesdiensten und Konzerten. Gesungen wird a-capella oder mit Klavierbegleitung. Neben einem umfangreichen Repertoire dieser spirituellen Musik geh\u00f6ren auch Werke der Comedien Harmonists, der Bl\u00e4ck F\u00f6\u00f6ss, der Barbershop-Music, der alten Meister, u.\u00e4. zum Programm des Chores.<\/p>\n\n\n\n<p>Treffen: <strong>Dienstags um 18.00<\/strong> im Gro\u00dfen Saal der KHG<br><a href=\"http:\/\/www.tempelsingers.de\" rel=\"noreferrer noopener\" target=\"_blank\">www.tempelsingers.de<\/a><\/p>\n\n\n","protected":false},"excerpt":{"rendered":"","protected":false},"author":1,"featured_media":2913,"parent":20,"menu_order":0,"comment_status":"closed","ping_status":"closed","template":"","meta":[],"_links":{"self":[{"href":"https:\/\/test.khg-aachen.de\/index.php\/wp-json\/wp\/v2\/pages\/2429"}],"collection":[{"href":"https:\/\/test.khg-aachen.de\/index.php\/wp-json\/wp\/v2\/pages"}],"about":[{"href":"https:\/\/test.khg-aachen.de\/index.php\/wp-json\/wp\/v2\/types\/page"}],"author":[{"embeddable":true,"href":"https:\/\/test.khg-aachen.de\/index.php\/wp-json\/wp\/v2\/users\/1"}],"replies":[{"embeddable":true,"href":"https:\/\/test.khg-aachen.de\/index.php\/wp-json\/wp\/v2\/comments?post=2429"}],"version-history":[{"count":18,"href":"https:\/\/test.khg-aachen.de\/index.php\/wp-json\/wp\/v2\/pages\/2429\/revisions"}],"predecessor-version":[{"id":2849,"href":"https:\/\/test.khg-aachen.de\/index.php\/wp-json\/wp\/v2\/pages\/2429\/revisions\/2849"}],"up":[{"embeddable":true,"href":"https:\/\/test.khg-aachen.de\/index.php\/wp-json\/wp\/v2\/pages\/20"}],"wp:featuredmedia":[{"embeddable":true,"href":"https:\/\/test.khg-aachen.de\/index.php\/wp-json\/wp\/v2\/media\/2913"}],"wp:attachment":[{"href":"https:\/\/test.khg-aachen.de\/index.php\/wp-json\/wp\/v2\/media?parent=2429"}],"curies":[{"name":"wp","href":"https:\/\/api.w.org\/{rel}","templated":true}]}}