{"id":20,"date":"2020-09-04T07:28:17","date_gmt":"2020-09-04T07:28:17","guid":{"rendered":"https:\/\/test.khg-aachen.de\/?page_id=20"},"modified":"2020-10-29T14:22:03","modified_gmt":"2020-10-29T13:22:03","slug":"mitmachen","status":"publish","type":"page","link":"https:\/\/test.khg-aachen.de\/index.php\/startseite\/mitmachen\/","title":{"rendered":"Mitmachen"},"content":{"rendered":"\n\n\n<p>Auch wenn es f\u00fcr uns lange her ist\u2026 F\u00fcr die Kinder in der Kindertagesst\u00e4tte RoKoKo in Aachen Rothe Erde sind Themen wie schriftliche Subtraktion oder die richtige Schreibweise von \u201eClown\u201c allt\u00e4gliche Fragen.&nbsp; Zu Problemen werden diese Fragen, da den Kindern aus sozial schwachen Verh\u00e4ltnissen zu Hause die Hilfestellung f\u00fcr ihre Hausaufgaben fehlt.<br>Seit 2009 unterst\u00fctzen wir ehrenamtlich diese Kinder im Grundschulalter t\u00e4glich von 14 bis 16 Uhr bei ihren Hausaufgaben im Hort und versuchen, sie f\u00fcr ein besseres Verh\u00e4ltnis zum Lernen und zur Bildung zu motivieren.<br>Lehramtsstudierende bekommen das Engagement auch als Berufsfeldpraktikum anerkannt!<br><br>Wir sind immer auf der Suche nach neuen engagierten Menschen!<br>F\u00fchlst du dich angesprochen? Dann melde dich bei:<\/p>\n\n\n\n<p>Beate Engelhoven, Tel. 4700-138<br><a href=\"mailto:be@khg-aachen.de\">be@khg-aachen.de<\/a><\/p>\n\n\n\n<p><a href=\"https:\/\/docs.google.com\/spreadsheet\/ccc?key=0Ak9K1NITDa95dFVNd0NFS292X0hwaEN4Vjhpd3EzdlE&amp;hl=de\" target=\"_blank\" rel=\"noreferrer noopener\">Kalender Hausaufgabenbetreuung<\/a><\/p>\n\n\n\n\n\n<p>F\u00fcr unsere monatlich erscheinenden Postkarten, die in 70 Aachener Innenstadtkneipen in den Displays ausliegen, brauchen wir wieder neue Motive: <strong>Echte Eyecatcher-Fotos!<\/strong><\/p>\n\n\n\n<p>F\u00fcnf der eingesandten Motive werden im kommenden Semester als Postkarten ver\u00f6ffentlicht und weitere 15 in einer Ausstellung und in einer Virtual Gallery im Wintersemester pr\u00e4sentiert.<\/p>\n\n\n\n<p><strong>Teilnahmeberechtigt:<\/strong> Studierende und Hochschulangeh\u00f6rige. Pro Person k\u00f6nnen nur 5 Fotos eingereicht werden.<br><strong>Technik:<\/strong> Aufl\u00f6sung 300ppi, mindestens 20 x30 cm oder 30 x20 cm. Es k\u00f6nnen nur digitalisierte Fotos ber\u00fccksichtigt werden<br>Der Name des \/der Fotografen\/ in&nbsp; <strong>sollte nicht am Foto plaziert werden<\/strong>.<\/p>\n\n\n\n<p><strong>Nutzungsrechte: <\/strong>Die eingesandten Fotos bleiben Eigentum der Fotografen. Sie d\u00fcrfen f\u00fcr Print- und Webpublikation bearbeitet und f\u00fcr die \u00d6ffentlichkeitsarbeit der Katholischen Hochschulgemeinden geb\u00fchrenfrei genutzt werden. Bei Publikation ist der\/die Fotograf\/ Fotografin neben dem Bild kenntlich zu machen.<\/p>\n\n\n\n<p><strong>Einsendeschluss: 31. Januar 2021 &#8211;<\/strong> an <a href=\"mailto:gs@khg-aachen.de\">gs@khg-aachen.de<\/a><\/p>\n\n\n\n\n\n<p><strong>Was haben wir vor?<\/strong>&nbsp;<br>Wir planen ein Amateur-Seifenkistenrennen in Aachen, hierbei geht es uns nicht ausschlie\u00dflich um den Wettkampfs-Aspekt&nbsp;sondern auch um den Kreativit\u00e4ts- und Unterhaltungsfaktor. Der Spa\u00df steht im Vordergrund.&nbsp;<br>Wir sind davon \u00fcberzeugt,&nbsp;dass diese Veranstaltung&nbsp;in Aachen, der Stadt angehenden Ingenieuren gut ankommen wird.&nbsp;<\/p>\n\n\n\n<p><strong>Wann&nbsp;und&nbsp;wo&nbsp;haben wir es vor?<\/strong>&nbsp;<br>Das Event findet am <strong>8. Mai 2021<\/strong> auf einer Passage des&nbsp;Lousberges&nbsp;statt.<br>Der&nbsp;Lousberg&nbsp;ist veranstaltungserprobt und bietet mit seiner Neigung und seiner verkehrsberuhigten Lage den optimalen Ort f\u00fcr unserer Seifenkistenrennen.&nbsp;<\/p>\n\n\n\n<p><strong>Mit&nbsp;wem&nbsp;haben wir es vor?<\/strong>&nbsp;<br>Mitmachen kann jeder! Werben werden wir bei der FH und RWTH und dort vor allem \u00fcber die Fachschaften.<\/p>\n\n\n\n<p>Mehr (Teilnahmebedingungen, Strecke, Technik, &#8230;) auf&nbsp; <a href=\"https:\/\/seifenkistenrennen.khg-aachen.de\/\">seifenkistenrennen.khg-aachen.de\/<br>eMail: <\/a><a href=\"mailto:seifenkisten@khg-aachen.de\">seifenkisten@khg-aachen.de<\/a><\/p>\n\n\n\n<p>Online Anmeldung bis 1. Mai 2021<\/p>\n\n\n","protected":false},"excerpt":{"rendered":"","protected":false},"author":1,"featured_media":2908,"parent":583,"menu_order":0,"comment_status":"closed","ping_status":"closed","template":"","meta":[],"_links":{"self":[{"href":"https:\/\/test.khg-aachen.de\/index.php\/wp-json\/wp\/v2\/pages\/20"}],"collection":[{"href":"https:\/\/test.khg-aachen.de\/index.php\/wp-json\/wp\/v2\/pages"}],"about":[{"href":"https:\/\/test.khg-aachen.de\/index.php\/wp-json\/wp\/v2\/types\/page"}],"author":[{"embeddable":true,"href":"https:\/\/test.khg-aachen.de\/index.php\/wp-json\/wp\/v2\/users\/1"}],"replies":[{"embeddable":true,"href":"https:\/\/test.khg-aachen.de\/index.php\/wp-json\/wp\/v2\/comments?post=20"}],"version-history":[{"count":7,"href":"https:\/\/test.khg-aachen.de\/index.php\/wp-json\/wp\/v2\/pages\/20\/revisions"}],"predecessor-version":[{"id":2984,"href":"https:\/\/test.khg-aachen.de\/index.php\/wp-json\/wp\/v2\/pages\/20\/revisions\/2984"}],"up":[{"embeddable":true,"href":"https:\/\/test.khg-aachen.de\/index.php\/wp-json\/wp\/v2\/pages\/583"}],"wp:featuredmedia":[{"embeddable":true,"href":"https:\/\/test.khg-aachen.de\/index.php\/wp-json\/wp\/v2\/media\/2908"}],"wp:attachment":[{"href":"https:\/\/test.khg-aachen.de\/index.php\/wp-json\/wp\/v2\/media?parent=20"}],"curies":[{"name":"wp","href":"https:\/\/api.w.org\/{rel}","templated":true}]}}