{"id":18,"date":"2020-09-04T07:27:44","date_gmt":"2020-09-04T07:27:44","guid":{"rendered":"https:\/\/test.khg-aachen.de\/?page_id=18"},"modified":"2020-10-30T10:56:40","modified_gmt":"2020-10-30T09:56:40","slug":"angebote","status":"publish","type":"page","link":"https:\/\/test.khg-aachen.de\/index.php\/startseite\/angebote\/","title":{"rendered":"Angebote"},"content":{"rendered":"\n\n\n<p><strong>Ein t\u00e4glicher Impuls zum <em>Mensch sein \u2013 Mensch werden<\/em><\/strong><\/p>\n\n\n\n<p>Der Advent ist eine Zeit des Wartens und der Vorbereitung auf das Fest der Geburt Jesu, auf die Mensch-Werdung des Gottes Sohnes.<\/p>\n\n\n\n<p>Seit mehr als 100 Jahren gibt es in Deutschland den Brauch die Zeit des Advent mit einem Kalender zu gestalten . T\u00e4glich wurde ein Fenster ge\u00f6ffnet in dem ein Bild oder ein Spruch, sp\u00e4ter Schokolade u.\u00e4. und seit einigen Jahren t\u00e4glich eine Geschichte zu entdecken war.<\/p>\n\n\n\n<p>ESG und KHG wollen diese Tradition der Vorbereitung auf das Weihnachtsfest aufgreifen, aber anders gestalten:<\/p>\n\n\n\n<p><strong>T\u00e4glich<\/strong> ab 1. Dez ein Text-, Bild-, Musik-Impuls aufs Smartphone zum Thema Mensch sein \u2013 Mensch werden, Besinn-Fragen und ein Segen, der durch den Tag begleitet.<\/p>\n\n\n\n<p>Und <strong>jeden Montag in der Adventzeit <\/strong>( 30. Nov\/ 7. Dez\/ 14. Dez\/ 21. Dez) abends zur Primetime <strong>um 20.15 Uhr<\/strong> Austausch in der ZOOM-Gruppe, wenn Ihr wollt.<\/p>\n\n\n\n<!--more-->\n\n\n\n<p>Hier gehts zur Anmeldung<\/p>\n\n\n\n<div class=\"wp-block-contact-form-7-contact-form-selector\">[contact-form-7 id=&#8220;2954&#8243; title=&#8220;Adventkalender Anders&#8220;]<\/div>\n\n\n\n\n<p><strong>Du f\u00fchlst Dich<\/strong><\/p>\n\n\n\n<p>pr\u00fcfungsm\u00fcde<br>alles zuviel<br>innerlich unruhig<br>unterfinanziert<br>ausgepowert<br>glaubensverwirrt<br>\u00fcberfordert<br>einsam<br>zukunfts\u00e4ngstlich<br>trauernd<br>beziehungspessimistisch<br>perspektivlos<\/p>\n\n\n\n<p><em>Wir helfen Dir das Gef\u00fchlschaos zu sortieren und bieten Dir Lebens- und Glaubensberatung an!<\/em> &#8211; 0241-47000<\/p>\n\n\n\n\n\n\n<p><\/p>\n","protected":false},"excerpt":{"rendered":"","protected":false},"author":1,"featured_media":2956,"parent":583,"menu_order":0,"comment_status":"closed","ping_status":"closed","template":"","meta":[],"_links":{"self":[{"href":"https:\/\/test.khg-aachen.de\/index.php\/wp-json\/wp\/v2\/pages\/18"}],"collection":[{"href":"https:\/\/test.khg-aachen.de\/index.php\/wp-json\/wp\/v2\/pages"}],"about":[{"href":"https:\/\/test.khg-aachen.de\/index.php\/wp-json\/wp\/v2\/types\/page"}],"author":[{"embeddable":true,"href":"https:\/\/test.khg-aachen.de\/index.php\/wp-json\/wp\/v2\/users\/1"}],"replies":[{"embeddable":true,"href":"https:\/\/test.khg-aachen.de\/index.php\/wp-json\/wp\/v2\/comments?post=18"}],"version-history":[{"count":19,"href":"https:\/\/test.khg-aachen.de\/index.php\/wp-json\/wp\/v2\/pages\/18\/revisions"}],"predecessor-version":[{"id":3123,"href":"https:\/\/test.khg-aachen.de\/index.php\/wp-json\/wp\/v2\/pages\/18\/revisions\/3123"}],"up":[{"embeddable":true,"href":"https:\/\/test.khg-aachen.de\/index.php\/wp-json\/wp\/v2\/pages\/583"}],"wp:featuredmedia":[{"embeddable":true,"href":"https:\/\/test.khg-aachen.de\/index.php\/wp-json\/wp\/v2\/media\/2956"}],"wp:attachment":[{"href":"https:\/\/test.khg-aachen.de\/index.php\/wp-json\/wp\/v2\/media?parent=18"}],"curies":[{"name":"wp","href":"https:\/\/api.w.org\/{rel}","templated":true}]}}