{"id":16,"date":"2020-09-04T07:26:05","date_gmt":"2020-09-04T07:26:05","guid":{"rendered":"https:\/\/test.khg-aachen.de\/?page_id=16"},"modified":"2020-10-29T09:26:41","modified_gmt":"2020-10-29T08:26:41","slug":"wir-ueber-uns-die-khg-aachen","status":"publish","type":"page","link":"https:\/\/test.khg-aachen.de\/index.php\/startseite\/wir-ueber-uns-die-khg-aachen\/","title":{"rendered":"Wir \u00fcber uns"},"content":{"rendered":"\n<blockquote class=\"wp-block-quote\"><p><strong>&gt;<\/strong> Die KHG erweitert die M\u00f6glichkeiten dein Leben und Studium an den Hochschulen in Aachen zu gestalten<br><strong>:<\/strong>   Du und deine Interessen stehen bei uns im Mittelpunkt<br><strong>+<\/strong> Die KHG ist die etwas andere Kirche an der Hochschule<\/p><\/blockquote>\n\n\n\n\n\n<p>Die Katholische Hochschulgemeinde ist eine Gemeinschaft suchender und interessierter Menschen an den Aachener Hochschulen.<br>Wir er\u00f6ffnen M\u00f6glichkeiten zu Begegnung und Engagement.<br>Wir bieten Raum zum Gespr\u00e4ch \u00fcber das Leben, die Gesellschaft und unseren Glauben. <br>Wir sind interkulturell gepr\u00e4gt, beteiligen uns am interreligi\u00f6sen Austausch und engagieren uns sozial und kulturell. <br>Wir leben Offenheit und Respekt.<\/p>\n\n\n\n\n\n<p>Die in der KHG mitarbeitenden Ehren-, Neben- und Hauptamtlichen haben einen Verhaltenskodex vereinbart und unterzeichnet<\/p>\n\n\n\n<p><a href=\"https:\/\/www.khg-aachen.de\/images\/pdf\/Verhaltenskodex.pdf\">Verhaltenskodex<\/a><\/p>\n\n\n\n<p>Info: Matthias Fritz &#8211; <a href=\"mailto:mf@khg-aachen.de\">mf@khg-aachen.de<\/a><\/p>\n\n\n\n\n\n<p>Im November 2012&nbsp; hat Bischof Mussinghoff das Konzept f\u00fcr Hochschulpastoral in Kraft gesetzt.<\/p>\n\n\n\n<p>Zum Download: <a href=\"https:\/\/www.khg-aachen.de\/images\/pdf\/konzept-hochschulpastoral-bistum-aachen.pdf\">konzept-hochschulpastoral-bistum-aachen.pdf<\/a><\/p>\n\n\n","protected":false},"excerpt":{"rendered":"<p>&gt; Die KHG erweitert die M\u00f6glichkeiten dein Leben und Studium an den Hochschulen in Aachen zu gestalten: Du und deine Interessen stehen bei uns im Mittelpunkt+ Die KHG ist die etwas andere Kirche an der Hochschule<\/p>\n","protected":false},"author":1,"featured_media":2470,"parent":583,"menu_order":0,"comment_status":"closed","ping_status":"closed","template":"","meta":[],"_links":{"self":[{"href":"https:\/\/test.khg-aachen.de\/index.php\/wp-json\/wp\/v2\/pages\/16"}],"collection":[{"href":"https:\/\/test.khg-aachen.de\/index.php\/wp-json\/wp\/v2\/pages"}],"about":[{"href":"https:\/\/test.khg-aachen.de\/index.php\/wp-json\/wp\/v2\/types\/page"}],"author":[{"embeddable":true,"href":"https:\/\/test.khg-aachen.de\/index.php\/wp-json\/wp\/v2\/users\/1"}],"replies":[{"embeddable":true,"href":"https:\/\/test.khg-aachen.de\/index.php\/wp-json\/wp\/v2\/comments?post=16"}],"version-history":[{"count":11,"href":"https:\/\/test.khg-aachen.de\/index.php\/wp-json\/wp\/v2\/pages\/16\/revisions"}],"predecessor-version":[{"id":2940,"href":"https:\/\/test.khg-aachen.de\/index.php\/wp-json\/wp\/v2\/pages\/16\/revisions\/2940"}],"up":[{"embeddable":true,"href":"https:\/\/test.khg-aachen.de\/index.php\/wp-json\/wp\/v2\/pages\/583"}],"wp:featuredmedia":[{"embeddable":true,"href":"https:\/\/test.khg-aachen.de\/index.php\/wp-json\/wp\/v2\/media\/2470"}],"wp:attachment":[{"href":"https:\/\/test.khg-aachen.de\/index.php\/wp-json\/wp\/v2\/media?parent=16"}],"curies":[{"name":"wp","href":"https:\/\/api.w.org\/{rel}","templated":true}]}}